{"id":10331,"date":"2020-05-08T14:17:00","date_gmt":"2020-08-05T14:17:06","guid":{"rendered":"https:\/\/germanspecialisttools.com\/?post_type=product&#038;p=10331"},"modified":"2022-09-25T00:06:46","modified_gmt":"2022-09-25T00:06:46","slug":"locking-wheel-nut-removers","status":"publish","type":"product","link":"https:\/\/germanspecialisttools.com\/nl\/product\/locking-wheel-nut-removers\/","title":{"rendered":"Locking Wheel Nut Removers"},"content":{"rendered":"<p><b>1\/2&#8221; SQ Drive:<\/b><br \/>\n50.8L (\u00d827x\u00d826.4).<br \/>\n57L (\u00d827).<br \/>\n57L (\u00d831.5).<br \/>\n66L (\u00d831.5).<br \/>\n<b>Hex Drive:<\/b><br \/>\n50.8L (\u00d816x\u00d810.7).<br \/>\n50.8L (\u00d816x\u00d813x\u00d88.4).<br \/>\n50.8L (\u00d818.6x\u00d814.1).<br \/>\n50.8L (\u00d821.5x\u00d818.4x\u00d816).<\/p>\n","protected":false},"excerpt":{"rendered":"<p><b>1\/2&#8221; SQ Drive:<\/b><br \/>\n50.8L (\u00d827x\u00d826.4).<br \/>\n57L (\u00d827).<br \/>\n57L (\u00d831.5).<br \/>\n66L (\u00d831.5).<br \/>\n<b>Hex Drive:<\/b><br \/>\n50.8L (\u00d816x\u00d810.7).<br \/>\n50.8L (\u00d816x\u00d813x\u00d88.4).<br \/>\n50.8L (\u00d818.6x\u00d814.1).<br \/>\n50.8L (\u00d821.5x\u00d818.4x\u00d816).<\/p>\n","protected":false},"featured_media":10332,"comment_status":"open","ping_status":"closed","template":"","meta":[],"product_cat":[250,251,317],"product_tag":[323],"_links":{"self":[{"href":"https:\/\/germanspecialisttools.com\/nl\/wp-json\/wp\/v2\/product\/10331"}],"collection":[{"href":"https:\/\/germanspecialisttools.com\/nl\/wp-json\/wp\/v2\/product"}],"about":[{"href":"https:\/\/germanspecialisttools.com\/nl\/wp-json\/wp\/v2\/types\/product"}],"replies":[{"embeddable":true,"href":"https:\/\/germanspecialisttools.com\/nl\/wp-json\/wp\/v2\/comments?post=10331"}],"version-history":[{"count":2,"href":"https:\/\/germanspecialisttools.com\/nl\/wp-json\/wp\/v2\/product\/10331\/revisions"}],"predecessor-version":[{"id":13125,"href":"https:\/\/germanspecialisttools.com\/nl\/wp-json\/wp\/v2\/product\/10331\/revisions\/13125"}],"wp:featuredmedia":[{"embeddable":true,"href":"https:\/\/germanspecialisttools.com\/nl\/wp-json\/wp\/v2\/media\/10332"}],"wp:attachment":[{"href":"https:\/\/germanspecialisttools.com\/nl\/wp-json\/wp\/v2\/media?parent=10331"}],"wp:term":[{"taxonomy":"product_cat","embeddable":true,"href":"https:\/\/germanspecialisttools.com\/nl\/wp-json\/wp\/v2\/product_cat?post=10331"},{"taxonomy":"product_tag","embeddable":true,"href":"https:\/\/germanspecialisttools.com\/nl\/wp-json\/wp\/v2\/product_tag?post=10331"}],"curies":[{"name":"wp","href":"https:\/\/api.w.org\/{rel}","templated":true}]}}