{"id":16193,"date":"2021-07-10T13:10:00","date_gmt":"2021-10-07T13:10:24","guid":{"rendered":"https:\/\/germanspecialisttools.com\/nl\/?post_type=product&#038;p=16193"},"modified":"2022-09-24T00:10:00","modified_gmt":"2022-09-24T00:10:00","slug":"551-piece-injector-seal-master-kit-2","status":"publish","type":"product","link":"https:\/\/germanspecialisttools.com\/nl\/product\/551-piece-injector-seal-master-kit-2\/","title":{"rendered":"551-Piece Injector Seal Master Kit"},"content":{"rendered":"<p>Includes following copper rings, suitable for:<br \/>\n30x \u00d815.0&#215;8.0x1.5 &#8211; Universal.<br \/>\n12x \u00d815.0&#215;7.0x1.5 &#8211; Mercedes.<br \/>\n30x \u00d813.0&#215;7.5&#215;2.5 &#8211; Renault.<br \/>\n30x \u00d815.0&#215;7.5&#215;1.5 &#8211; Iveco Ford BMW MAN.<br \/>\n30x \u00d815.0&#215;7.5&#215;2.0 &#8211; Iveco Ford BMW MAN.<br \/>\n30x \u00d815.45&#215;8.0x2.0 &#8211; Universal.<br \/>\n12x \u00d813.5x10x2.0 &#8211; Mazda.<br \/>\n30x \u00d815.5&#215;7.5&#215;2.5 &#8211; Ford.<br \/>\n12x \u00d815.5&#215;7.5&#215;1.5 &#8211; Land Rover.<br \/>\n30x \u00d815.0&#215;7.5&#215;3.0 &#8211; Renault.<br \/>\n12x \u00d813.0&#215;7.0x1.5 &#8211; Deutz.<br \/>\n30x \u00d813.5&#215;7.5&#215;1.5 &#8211; Ford.<br \/>\n12x \u00d815.0&#215;7.5&#215;1.5 &#8211; Fiat.<br \/>\n12x \u00d815.5&#215;7.5&#215;1 &#8211; MAN Rover.<br \/>\n30x \u00d816.5&#215;7.5&#215;2 &#8211; Mercedes.<br \/>\n12x \u00d813.7&#215;7.3&#215;2 &#8211; Kia.<br \/>\n12x \u00d813.7&#215;7.3&#215;2 &#8211; Kia.<br \/>\n50x \u00d810&#215;6.0x1.0 &#8211; steel rings.<br \/>\n30x \u00d815.8&#215;7.5&#215;3.0 &#8211; brass rings.<br \/>\n20-Universal plastic injector T-shape.<br \/>\nAluminium Washers x 30.<br \/>\n30-Universal- plastic injector L-shape.<br \/>\nSprings 25pcs.<\/p>\n","protected":false},"excerpt":{"rendered":"<p>Includes following copper rings, suitable for: 30x \u00d815.0&#215;8.0&#215;1.5 &#8211; Universal. 12x \u00d815.0&#215;7.0&#215;1.5 &#8211; Mercedes. 30x \u00d813.0&#215;7.5&#215;2.5 &#8211; Renault. 30x \u00d815.0&#215;7.5&#215;1.5<\/p>\n","protected":false},"featured_media":16194,"comment_status":"open","ping_status":"closed","template":"","meta":[],"product_cat":[82,176,183],"product_tag":[],"_links":{"self":[{"href":"https:\/\/germanspecialisttools.com\/nl\/wp-json\/wp\/v2\/product\/16193"}],"collection":[{"href":"https:\/\/germanspecialisttools.com\/nl\/wp-json\/wp\/v2\/product"}],"about":[{"href":"https:\/\/germanspecialisttools.com\/nl\/wp-json\/wp\/v2\/types\/product"}],"replies":[{"embeddable":true,"href":"https:\/\/germanspecialisttools.com\/nl\/wp-json\/wp\/v2\/comments?post=16193"}],"version-history":[{"count":2,"href":"https:\/\/germanspecialisttools.com\/nl\/wp-json\/wp\/v2\/product\/16193\/revisions"}],"predecessor-version":[{"id":16198,"href":"https:\/\/germanspecialisttools.com\/nl\/wp-json\/wp\/v2\/product\/16193\/revisions\/16198"}],"wp:featuredmedia":[{"embeddable":true,"href":"https:\/\/germanspecialisttools.com\/nl\/wp-json\/wp\/v2\/media\/16194"}],"wp:attachment":[{"href":"https:\/\/germanspecialisttools.com\/nl\/wp-json\/wp\/v2\/media?parent=16193"}],"wp:term":[{"taxonomy":"product_cat","embeddable":true,"href":"https:\/\/germanspecialisttools.com\/nl\/wp-json\/wp\/v2\/product_cat?post=16193"},{"taxonomy":"product_tag","embeddable":true,"href":"https:\/\/germanspecialisttools.com\/nl\/wp-json\/wp\/v2\/product_tag?post=16193"}],"curies":[{"name":"wp","href":"https:\/\/api.w.org\/{rel}","templated":true}]}}